{"id":1824,"date":"2021-09-07T15:24:39","date_gmt":"2021-09-07T14:24:39","guid":{"rendered":"http:\/\/komertzioak.rongbuk.com\/?page_id=1824"},"modified":"2025-03-03T11:10:44","modified_gmt":"2025-03-03T10:10:44","slug":"formazioa","status":"publish","type":"page","link":"https:\/\/bitartean.eus\/es\/formazioa\/","title":{"rendered":"INNOVACI\u00d3N-FORMACI\u00d3N"},"content":{"rendered":"\n  <div class=\"banner has-hover\" id=\"banner-449870052\">\n          <div class=\"banner-inner fill\">\n        <div class=\"banner-bg fill\" >\n            <div class=\"bg fill bg-fill \"><\/div>\n                        <div class=\"overlay\"><\/div>            \n\t<div class=\"is-border\"\n\t\tstyle=\"border-color:rgb(6, 42, 82);border-width:0px 0px 9px 0px;\">\n\t<\/div>\n                    <\/div>\n        <div class=\"banner-layers container\">\n            <div class=\"fill banner-link\"><\/div>            \n   <div id=\"text-box-1150252675\" class=\"text-box banner-layer text-box-circle x50 md-x5 lg-x5 y50 md-y50 lg-y50 res-text\">\n       <div class=\"hover-bounce\">              <div data-animate=\"bounceInRight\">           <div class=\"text box-shadow-2 box-shadow-2-hover dark\">\n              \n              <div class=\"text-inner text-center\">\n                  \n<h1 class=\"uppercase\">INNOVACI\u00d3N-FORMACI\u00d3N<\/h1>\n              <\/div>\n           <\/div>\n       <\/div>              <\/div>       \n<style scope=\"scope\">\n\n#text-box-1150252675 .text {\n  background-color: rgba(6, 42, 82, 0.83);\n  font-size: 97%;\n  transform: rotate(3deg);\n}\n#text-box-1150252675 .text-inner {\n  padding: 30px 30px 30px 30px;\n}\n#text-box-1150252675 {\n  width: 60%;\n}\n\n\n@media (min-width:550px) {\n\n  #text-box-1150252675 {\n    width: 40%;\n  }\n  #text-box-1150252675 .text {\n    font-size: 149%;\n  }\n\n}\n<\/style>\n    <\/div>\n \n        <\/div>\n      <\/div>\n\n            \n<style scope=\"scope\">\n\n#banner-449870052 {\n  padding-top: 82%;\n}\n#banner-449870052 .bg.bg-loaded {\n  background-image: url(https:\/\/bitartean.eus\/wp-content\/uploads\/2021\/06\/formazioa.jpg);\n}\n#banner-449870052 .overlay {\n  background-color: rgba(0, 0, 0, 0.34);\n}\n#banner-449870052 .bg {\n  background-position: 0 80%;\n}\n\n\n@media (min-width:550px) {\n\n  #banner-449870052 {\n    padding-top: 47%;\n  }\n\n}\n\n\n@media (min-width:850px) {\n\n  #banner-449870052 {\n    padding-top: 34%;\n  }\n\n}\n<\/style>\n  <\/div>\n\n\n<div class=\"row\"  id=\"row-348623801\">\n\n\t<div class=\"col small-12 large-12\"  >\n\t\t<div class=\"col-inner\"  >\n\t\t\t\n\t\t\t\n\n  \n    <div id=\"row-1055131415\" class=\"row large-columns-2 medium-columns- small-columns-1 has-shadow row-box-shadow-2 row-masonry\" data-packery-options='{\"itemSelector\": \".col\", \"gutter\": 0, \"presentageWidth\" : true}'>\n\n  \t\t<div class=\"col post-item\" >\n\t\t\t<div class=\"col-inner\">\n\t\t\t<a href=\"https:\/\/bitartean.eus\/es\/berriz-enpresa\/\" class=\"plain\">\n\t\t\t\t<div class=\"box box-text-bottom box-blog-post has-hover\">\n            \t\t\t\t\t<div class=\"box-image\" >\n  \t\t\t\t\t\t<div class=\"image-cover\" style=\"padding-top:100%;\">\n  \t\t\t\t\t\t\t<img width=\"1080\" height=\"1920\" src=\"https:\/\/bitartean.eus\/wp-content\/uploads\/2025\/02\/berriz-enpresa.jpg\" class=\"attachment-original size-original wp-post-image\" alt=\"\" loading=\"lazy\" srcset=\"https:\/\/bitartean.eus\/wp-content\/uploads\/2025\/02\/berriz-enpresa.jpg 1080w, https:\/\/bitartean.eus\/wp-content\/uploads\/2025\/02\/berriz-enpresa-169x300.jpg 169w, https:\/\/bitartean.eus\/wp-content\/uploads\/2025\/02\/berriz-enpresa-576x1024.jpg 576w, https:\/\/bitartean.eus\/wp-content\/uploads\/2025\/02\/berriz-enpresa-768x1365.jpg 768w, https:\/\/bitartean.eus\/wp-content\/uploads\/2025\/02\/berriz-enpresa-864x1536.jpg 864w\" sizes=\"(max-width: 1080px) 100vw, 1080px\" \/>  \t\t\t\t\t\t\t  \t\t\t\t\t\t\t  \t\t\t\t\t\t<\/div>\n  \t\t\t\t\t\t  \t\t\t\t\t<\/div>\n          \t\t\t\t\t<div class=\"box-text text-center is-large\" >\n\t\t\t\t\t<div class=\"box-text-inner blog-post-inner\">\n\n\t\t\t\t\t\n\t\t\t\t\t\t\t\t\t\t<h5 class=\"post-title is-large \">Berriz enpresa<\/h5>\n\t\t\t\t\t\t\t\t\t\t<div class=\"is-divider\"><\/div>\n\t\t\t\t\t\t\t\t\t\t<p class=\"from_the_blog_excerpt \"> [...]\t\t\t\t\t<\/p>\n\t\t\t\t\t                    \n\t\t\t\t\t\n\t\t\t\t\t\n\t\t\t\t\t<\/div>\n\t\t\t\t\t<\/div>\n\t\t\t\t\t\t\t\t\t\t\t\t\t\t\t\t<div class=\"badge absolute top post-date badge-outline\">\n\t\t\t\t\t\t\t<div class=\"badge-inner\">\n\t\t\t\t\t\t\t\t<span class=\"post-date-day\">27<\/span><br>\n\t\t\t\t\t\t\t\t<span class=\"post-date-month is-xsmall\">Feb<\/span>\n\t\t\t\t\t\t\t<\/div>\n\t\t\t\t\t\t<\/div>\n\t\t\t\t\t\t\t\t\t<\/div>\n\t\t\t\t<\/a>\n\t\t\t<\/div>\n\t\t<\/div>\n\t\t<div class=\"col post-item\" >\n\t\t\t<div class=\"col-inner\">\n\t\t\t<a href=\"https:\/\/bitartean.eus\/es\/diagnosticos-de-innovacion-comercial\/\" class=\"plain\">\n\t\t\t\t<div class=\"box box-text-bottom box-blog-post has-hover\">\n            \t\t\t\t\t<div class=\"box-image\" >\n  \t\t\t\t\t\t<div class=\"image-cover\" style=\"padding-top:100%;\">\n  \t\t\t\t\t\t\t<img width=\"1920\" height=\"1080\" src=\"https:\/\/bitartean.eus\/wp-content\/uploads\/2025\/02\/nabarmendutako-irudia-merkataritza-berrikuntza-diagnostikoak-1.jpg\" class=\"attachment-original size-original wp-post-image\" alt=\"\" loading=\"lazy\" srcset=\"https:\/\/bitartean.eus\/wp-content\/uploads\/2025\/02\/nabarmendutako-irudia-merkataritza-berrikuntza-diagnostikoak-1.jpg 1920w, https:\/\/bitartean.eus\/wp-content\/uploads\/2025\/02\/nabarmendutako-irudia-merkataritza-berrikuntza-diagnostikoak-1-300x169.jpg 300w, https:\/\/bitartean.eus\/wp-content\/uploads\/2025\/02\/nabarmendutako-irudia-merkataritza-berrikuntza-diagnostikoak-1-1024x576.jpg 1024w, https:\/\/bitartean.eus\/wp-content\/uploads\/2025\/02\/nabarmendutako-irudia-merkataritza-berrikuntza-diagnostikoak-1-768x432.jpg 768w, https:\/\/bitartean.eus\/wp-content\/uploads\/2025\/02\/nabarmendutako-irudia-merkataritza-berrikuntza-diagnostikoak-1-1536x864.jpg 1536w\" sizes=\"(max-width: 1920px) 100vw, 1920px\" \/>  \t\t\t\t\t\t\t  \t\t\t\t\t\t\t  \t\t\t\t\t\t<\/div>\n  \t\t\t\t\t\t  \t\t\t\t\t<\/div>\n          \t\t\t\t\t<div class=\"box-text text-center is-large\" >\n\t\t\t\t\t<div class=\"box-text-inner blog-post-inner\">\n\n\t\t\t\t\t\n\t\t\t\t\t\t\t\t\t\t<h5 class=\"post-title is-large \">Diagn\u00f3sticos de Innovaci\u00f3n Comercial<\/h5>\n\t\t\t\t\t\t\t\t\t\t<div class=\"is-divider\"><\/div>\n\t\t\t\t\t\t\t\t\t\t<p class=\"from_the_blog_excerpt \"> [...]\t\t\t\t\t<\/p>\n\t\t\t\t\t                    \n\t\t\t\t\t\n\t\t\t\t\t\n\t\t\t\t\t<\/div>\n\t\t\t\t\t<\/div>\n\t\t\t\t\t\t\t\t\t\t\t\t\t\t\t\t<div class=\"badge absolute top post-date badge-outline\">\n\t\t\t\t\t\t\t<div class=\"badge-inner\">\n\t\t\t\t\t\t\t\t<span class=\"post-date-day\">10<\/span><br>\n\t\t\t\t\t\t\t\t<span class=\"post-date-month is-xsmall\">Feb<\/span>\n\t\t\t\t\t\t\t<\/div>\n\t\t\t\t\t\t<\/div>\n\t\t\t\t\t\t\t\t\t<\/div>\n\t\t\t\t<\/a>\n\t\t\t<\/div>\n\t\t<\/div>\n\t\t<div class=\"col post-item\" >\n\t\t\t<div class=\"col-inner\">\n\t\t\t<a href=\"https:\/\/bitartean.eus\/es\/programa-para-la-transformacion-digital-eus-commerce\/\" class=\"plain\">\n\t\t\t\t<div class=\"box box-text-bottom box-blog-post has-hover\">\n            \t\t\t\t\t<div class=\"box-image\" >\n  \t\t\t\t\t\t<div class=\"image-cover\" style=\"padding-top:100%;\">\n  \t\t\t\t\t\t\t<img width=\"1080\" height=\"1920\" src=\"https:\/\/bitartean.eus\/wp-content\/uploads\/2023\/04\/eus-commerce.jpg\" class=\"attachment-original size-original wp-post-image\" alt=\"\" loading=\"lazy\" srcset=\"https:\/\/bitartean.eus\/wp-content\/uploads\/2023\/04\/eus-commerce.jpg 1080w, https:\/\/bitartean.eus\/wp-content\/uploads\/2023\/04\/eus-commerce-169x300.jpg 169w, https:\/\/bitartean.eus\/wp-content\/uploads\/2023\/04\/eus-commerce-576x1024.jpg 576w, https:\/\/bitartean.eus\/wp-content\/uploads\/2023\/04\/eus-commerce-768x1365.jpg 768w, https:\/\/bitartean.eus\/wp-content\/uploads\/2023\/04\/eus-commerce-864x1536.jpg 864w\" sizes=\"(max-width: 1080px) 100vw, 1080px\" \/>  \t\t\t\t\t\t\t  \t\t\t\t\t\t\t  \t\t\t\t\t\t<\/div>\n  \t\t\t\t\t\t  \t\t\t\t\t<\/div>\n          \t\t\t\t\t<div class=\"box-text text-center is-large\" >\n\t\t\t\t\t<div class=\"box-text-inner blog-post-inner\">\n\n\t\t\t\t\t\n\t\t\t\t\t\t\t\t\t\t<h5 class=\"post-title is-large \">Programa para la transformaci\u00f3n digital eus-commerce<\/h5>\n\t\t\t\t\t\t\t\t\t\t<div class=\"is-divider\"><\/div>\n\t\t\t\t\t\t\t\t\t\t<p class=\"from_the_blog_excerpt \"> [...]\t\t\t\t\t<\/p>\n\t\t\t\t\t                    \n\t\t\t\t\t\n\t\t\t\t\t\n\t\t\t\t\t<\/div>\n\t\t\t\t\t<\/div>\n\t\t\t\t\t\t\t\t\t\t\t\t\t\t\t\t<div class=\"badge absolute top post-date badge-outline\">\n\t\t\t\t\t\t\t<div class=\"badge-inner\">\n\t\t\t\t\t\t\t\t<span class=\"post-date-day\">24<\/span><br>\n\t\t\t\t\t\t\t\t<span class=\"post-date-month is-xsmall\">Abr<\/span>\n\t\t\t\t\t\t\t<\/div>\n\t\t\t\t\t\t<\/div>\n\t\t\t\t\t\t\t\t\t<\/div>\n\t\t\t\t<\/a>\n\t\t\t<\/div>\n\t\t<\/div>\n\t\t<div class=\"col post-item\" >\n\t\t\t<div class=\"col-inner\">\n\t\t\t<a href=\"https:\/\/bitartean.eus\/es\/asesoramiento-personalizado-de-la-mano-de-la-escuela-vasca-de-retail\/\" class=\"plain\">\n\t\t\t\t<div class=\"box box-text-bottom box-blog-post has-hover\">\n            \t\t\t\t\t<div class=\"box-image\" >\n  \t\t\t\t\t\t<div class=\"image-cover\" style=\"padding-top:100%;\">\n  \t\t\t\t\t\t\t<img width=\"1080\" height=\"1920\" src=\"https:\/\/bitartean.eus\/wp-content\/uploads\/2023\/04\/retail-euskal-eskola.jpg\" class=\"attachment-original size-original wp-post-image\" alt=\"\" loading=\"lazy\" srcset=\"https:\/\/bitartean.eus\/wp-content\/uploads\/2023\/04\/retail-euskal-eskola.jpg 1080w, https:\/\/bitartean.eus\/wp-content\/uploads\/2023\/04\/retail-euskal-eskola-169x300.jpg 169w, https:\/\/bitartean.eus\/wp-content\/uploads\/2023\/04\/retail-euskal-eskola-576x1024.jpg 576w, https:\/\/bitartean.eus\/wp-content\/uploads\/2023\/04\/retail-euskal-eskola-768x1365.jpg 768w, https:\/\/bitartean.eus\/wp-content\/uploads\/2023\/04\/retail-euskal-eskola-864x1536.jpg 864w\" sizes=\"(max-width: 1080px) 100vw, 1080px\" \/>  \t\t\t\t\t\t\t  \t\t\t\t\t\t\t  \t\t\t\t\t\t<\/div>\n  \t\t\t\t\t\t  \t\t\t\t\t<\/div>\n          \t\t\t\t\t<div class=\"box-text text-center is-large\" >\n\t\t\t\t\t<div class=\"box-text-inner blog-post-inner\">\n\n\t\t\t\t\t\n\t\t\t\t\t\t\t\t\t\t<h5 class=\"post-title is-large \">Asesoramiento personalizado de la mano de la Escuela Vasca de Retail<\/h5>\n\t\t\t\t\t\t\t\t\t\t<div class=\"is-divider\"><\/div>\n\t\t\t\t\t\t\t\t\t\t<p class=\"from_the_blog_excerpt \"> [...]\t\t\t\t\t<\/p>\n\t\t\t\t\t                    \n\t\t\t\t\t\n\t\t\t\t\t\n\t\t\t\t\t<\/div>\n\t\t\t\t\t<\/div>\n\t\t\t\t\t\t\t\t\t\t\t\t\t\t\t\t<div class=\"badge absolute top post-date badge-outline\">\n\t\t\t\t\t\t\t<div class=\"badge-inner\">\n\t\t\t\t\t\t\t\t<span class=\"post-date-day\">03<\/span><br>\n\t\t\t\t\t\t\t\t<span class=\"post-date-month is-xsmall\">Abr<\/span>\n\t\t\t\t\t\t\t<\/div>\n\t\t\t\t\t\t<\/div>\n\t\t\t\t\t\t\t\t\t<\/div>\n\t\t\t\t<\/a>\n\t\t\t<\/div>\n\t\t<\/div>\n\t\t<div class=\"col post-item\" >\n\t\t\t<div class=\"col-inner\">\n\t\t\t<a href=\"https:\/\/bitartean.eus\/es\/programa-saltokitik-enpresara\/\" class=\"plain\">\n\t\t\t\t<div class=\"box box-text-bottom box-blog-post has-hover\">\n            \t\t\t\t\t<div class=\"box-image\" >\n  \t\t\t\t\t\t<div class=\"image-cover\" style=\"padding-top:100%;\">\n  \t\t\t\t\t\t\t<img width=\"1080\" height=\"1920\" src=\"https:\/\/bitartean.eus\/wp-content\/uploads\/2023\/04\/euskalit-eta-EJ.jpg\" class=\"attachment-original size-original wp-post-image\" alt=\"\" loading=\"lazy\" srcset=\"https:\/\/bitartean.eus\/wp-content\/uploads\/2023\/04\/euskalit-eta-EJ.jpg 1080w, https:\/\/bitartean.eus\/wp-content\/uploads\/2023\/04\/euskalit-eta-EJ-169x300.jpg 169w, https:\/\/bitartean.eus\/wp-content\/uploads\/2023\/04\/euskalit-eta-EJ-576x1024.jpg 576w, https:\/\/bitartean.eus\/wp-content\/uploads\/2023\/04\/euskalit-eta-EJ-768x1365.jpg 768w, https:\/\/bitartean.eus\/wp-content\/uploads\/2023\/04\/euskalit-eta-EJ-864x1536.jpg 864w\" sizes=\"(max-width: 1080px) 100vw, 1080px\" \/>  \t\t\t\t\t\t\t  \t\t\t\t\t\t\t  \t\t\t\t\t\t<\/div>\n  \t\t\t\t\t\t  \t\t\t\t\t<\/div>\n          \t\t\t\t\t<div class=\"box-text text-center is-large\" >\n\t\t\t\t\t<div class=\"box-text-inner blog-post-inner\">\n\n\t\t\t\t\t\n\t\t\t\t\t\t\t\t\t\t<h5 class=\"post-title is-large \">Programa Saltokitik Enpresara<\/h5>\n\t\t\t\t\t\t\t\t\t\t<div class=\"is-divider\"><\/div>\n\t\t\t\t\t\t\t\t\t\t<p class=\"from_the_blog_excerpt \"> [...]\t\t\t\t\t<\/p>\n\t\t\t\t\t                    \n\t\t\t\t\t\n\t\t\t\t\t\n\t\t\t\t\t<\/div>\n\t\t\t\t\t<\/div>\n\t\t\t\t\t\t\t\t\t\t\t\t\t\t\t\t<div class=\"badge absolute top post-date badge-outline\">\n\t\t\t\t\t\t\t<div class=\"badge-inner\">\n\t\t\t\t\t\t\t\t<span class=\"post-date-day\">03<\/span><br>\n\t\t\t\t\t\t\t\t<span class=\"post-date-month is-xsmall\">Abr<\/span>\n\t\t\t\t\t\t\t<\/div>\n\t\t\t\t\t\t<\/div>\n\t\t\t\t\t\t\t\t\t<\/div>\n\t\t\t\t<\/a>\n\t\t\t<\/div>\n\t\t<\/div>\n\t\t<div class=\"col post-item\" >\n\t\t\t<div class=\"col-inner\">\n\t\t\t<a href=\"https:\/\/bitartean.eus\/es\/charlas-en-directo-kzgunea\/\" class=\"plain\">\n\t\t\t\t<div class=\"box box-text-bottom box-blog-post has-hover\">\n            \t\t\t\t\t<div class=\"box-image\" >\n  \t\t\t\t\t\t<div class=\"image-cover\" style=\"padding-top:100%;\">\n  \t\t\t\t\t\t\t<img width=\"1080\" height=\"1920\" src=\"https:\/\/bitartean.eus\/wp-content\/uploads\/2023\/03\/kazgunea2.jpg\" class=\"attachment-original size-original wp-post-image\" alt=\"\" loading=\"lazy\" srcset=\"https:\/\/bitartean.eus\/wp-content\/uploads\/2023\/03\/kazgunea2.jpg 1080w, https:\/\/bitartean.eus\/wp-content\/uploads\/2023\/03\/kazgunea2-169x300.jpg 169w, https:\/\/bitartean.eus\/wp-content\/uploads\/2023\/03\/kazgunea2-576x1024.jpg 576w, https:\/\/bitartean.eus\/wp-content\/uploads\/2023\/03\/kazgunea2-768x1365.jpg 768w, https:\/\/bitartean.eus\/wp-content\/uploads\/2023\/03\/kazgunea2-864x1536.jpg 864w\" sizes=\"(max-width: 1080px) 100vw, 1080px\" \/>  \t\t\t\t\t\t\t  \t\t\t\t\t\t\t  \t\t\t\t\t\t<\/div>\n  \t\t\t\t\t\t  \t\t\t\t\t<\/div>\n          \t\t\t\t\t<div class=\"box-text text-center is-large\" >\n\t\t\t\t\t<div class=\"box-text-inner blog-post-inner\">\n\n\t\t\t\t\t\n\t\t\t\t\t\t\t\t\t\t<h5 class=\"post-title is-large \">Charlas en directo KZgunea<\/h5>\n\t\t\t\t\t\t\t\t\t\t<div class=\"is-divider\"><\/div>\n\t\t\t\t\t\t\t\t\t\t<p class=\"from_the_blog_excerpt \">KZgunea es la Red p\u00fablica vasca de telecentros. Apostando por las nuevas tecnolog\u00edas trabaja la [...]\t\t\t\t\t<\/p>\n\t\t\t\t\t                    \n\t\t\t\t\t\n\t\t\t\t\t\n\t\t\t\t\t<\/div>\n\t\t\t\t\t<\/div>\n\t\t\t\t\t\t\t\t\t\t\t\t\t\t\t\t<div class=\"badge absolute top post-date badge-outline\">\n\t\t\t\t\t\t\t<div class=\"badge-inner\">\n\t\t\t\t\t\t\t\t<span class=\"post-date-day\">24<\/span><br>\n\t\t\t\t\t\t\t\t<span class=\"post-date-month is-xsmall\">Mar<\/span>\n\t\t\t\t\t\t\t<\/div>\n\t\t\t\t\t\t<\/div>\n\t\t\t\t\t\t\t\t\t<\/div>\n\t\t\t\t<\/a>\n\t\t\t<\/div>\n\t\t<\/div>\n<\/div>\n\t\t<\/div>\n\t<\/div>\n\n\t\n<\/div>\n<div class=\"row\"  id=\"row-1757491015\">\n\n\t<div class=\"col medium-12 small-12 large-12\"  >\n\t\t<div class=\"col-inner text-left\" style=\"padding:0px 0px 0px 0;margin:31px 0px 46px 0px;\" >\n\t\t\t\n\t\t\t\n<p style=\"text-align: center;\">Si tienes inter\u00e9s en alguna formaci\u00f3n contacta con la oficina t\u00e9cnica de comercio<\/p>\n<p style=\"text-align: center;\">943 53 40 85<\/p>\n\t\t<\/div>\n\t<\/div>\n\n\t\n\n\t<div class=\"col small-12 large-12\"  >\n\t\t<div class=\"col-inner text-center\"  >\n\t\t\t\n\t\t\t\n<a rel=\"noopener noreferrer\" href=\"https:\/\/escuelavascaretail.eus\/eu\/home\" target=\"_blank\" class=\"button primary is-shade is-larger box-shadow-4 box-shadow-5-hover\"  style=\"border-radius:10px;\">\n    <span>M\u00c1S CURSOS<\/span>\n  <\/a>\n\n\t\t<\/div>\n\t<\/div>\n\n\t\n\n<style scope=\"scope\">\n\n#row-1757491015 > .col > .col-inner {\n  padding: 0px 0px 48px 0px;\n}\n<\/style>\n<\/div>\n","protected":false},"excerpt":{"rendered":"","protected":false},"author":1,"featured_media":0,"parent":0,"menu_order":0,"comment_status":"closed","ping_status":"closed","template":"page-blank.php","meta":[],"yoast_head":"<!-- This site is optimized with the Yoast SEO plugin v18.7 - https:\/\/yoast.com\/wordpress\/plugins\/seo\/ -->\n<title>INNOVACI\u00d3N-FORMACI\u00d3N - Bi-Tartean<\/title>\n<meta name=\"robots\" content=\"index, follow, max-snippet:-1, max-image-preview:large, max-video-preview:-1\" \/>\n<link rel=\"canonical\" href=\"https:\/\/bitartean.eus\/es\/formazioa\/\" \/>\n<meta property=\"og:locale\" content=\"es_ES\" \/>\n<meta property=\"og:type\" content=\"article\" \/>\n<meta property=\"og:title\" content=\"INNOVACI\u00d3N-FORMACI\u00d3N - Bi-Tartean\" \/>\n<meta property=\"og:url\" content=\"https:\/\/bitartean.eus\/es\/formazioa\/\" \/>\n<meta property=\"og:site_name\" content=\"Bi-Tartean\" \/>\n<meta property=\"article:modified_time\" content=\"2025-03-03T10:10:44+00:00\" \/>\n<meta name=\"twitter:card\" content=\"summary_large_image\" \/>\n<meta name=\"twitter:label1\" content=\"Tiempo de lectura\" \/>\n\t<meta name=\"twitter:data1\" content=\"1 minuto\" \/>\n<script type=\"application\/ld+json\" class=\"yoast-schema-graph\">{\"@context\":\"https:\/\/schema.org\",\"@graph\":[{\"@type\":\"Organization\",\"@id\":\"https:\/\/bitartean.eus\/#organization\",\"name\":\"Bi-Tartean\",\"url\":\"https:\/\/bitartean.eus\/\",\"sameAs\":[],\"logo\":{\"@type\":\"ImageObject\",\"inLanguage\":\"es\",\"@id\":\"https:\/\/bitartean.eus\/#\/schema\/logo\/image\/\",\"url\":\"http:\/\/bienartean.eus\/wp-content\/uploads\/2020\/05\/logo_500.png\",\"contentUrl\":\"http:\/\/bienartean.eus\/wp-content\/uploads\/2020\/05\/logo_500.png\",\"width\":831,\"height\":572,\"caption\":\"Bi-Tartean\"},\"image\":{\"@id\":\"https:\/\/bitartean.eus\/#\/schema\/logo\/image\/\"}},{\"@type\":\"WebSite\",\"@id\":\"https:\/\/bitartean.eus\/#website\",\"url\":\"https:\/\/bitartean.eus\/\",\"name\":\"Bi-Tartean\",\"description\":\"Merkatari Elkartea\",\"publisher\":{\"@id\":\"https:\/\/bitartean.eus\/#organization\"},\"potentialAction\":[{\"@type\":\"SearchAction\",\"target\":{\"@type\":\"EntryPoint\",\"urlTemplate\":\"https:\/\/bitartean.eus\/?s={search_term_string}\"},\"query-input\":\"required name=search_term_string\"}],\"inLanguage\":\"es\"},{\"@type\":\"WebPage\",\"@id\":\"https:\/\/bitartean.eus\/es\/formazioa\/#webpage\",\"url\":\"https:\/\/bitartean.eus\/es\/formazioa\/\",\"name\":\"INNOVACI\u00d3N-FORMACI\u00d3N - Bi-Tartean\",\"isPartOf\":{\"@id\":\"https:\/\/bitartean.eus\/#website\"},\"datePublished\":\"2021-09-07T14:24:39+00:00\",\"dateModified\":\"2025-03-03T10:10:44+00:00\",\"breadcrumb\":{\"@id\":\"https:\/\/bitartean.eus\/es\/formazioa\/#breadcrumb\"},\"inLanguage\":\"es\",\"potentialAction\":[{\"@type\":\"ReadAction\",\"target\":[\"https:\/\/bitartean.eus\/es\/formazioa\/\"]}]},{\"@type\":\"BreadcrumbList\",\"@id\":\"https:\/\/bitartean.eus\/es\/formazioa\/#breadcrumb\",\"itemListElement\":[{\"@type\":\"ListItem\",\"position\":1,\"name\":\"Home\",\"item\":\"https:\/\/bitartean.eus\/es\/\"},{\"@type\":\"ListItem\",\"position\":2,\"name\":\"INNOVACI\u00d3N-FORMACI\u00d3N\"}]}]}<\/script>\n<!-- \/ Yoast SEO plugin. -->","yoast_head_json":{"title":"INNOVACI\u00d3N-FORMACI\u00d3N - Bi-Tartean","robots":{"index":"index","follow":"follow","max-snippet":"max-snippet:-1","max-image-preview":"max-image-preview:large","max-video-preview":"max-video-preview:-1"},"canonical":"https:\/\/bitartean.eus\/es\/formazioa\/","og_locale":"es_ES","og_type":"article","og_title":"INNOVACI\u00d3N-FORMACI\u00d3N - Bi-Tartean","og_url":"https:\/\/bitartean.eus\/es\/formazioa\/","og_site_name":"Bi-Tartean","article_modified_time":"2025-03-03T10:10:44+00:00","twitter_card":"summary_large_image","twitter_misc":{"Tiempo de lectura":"1 minuto"},"schema":{"@context":"https:\/\/schema.org","@graph":[{"@type":"Organization","@id":"https:\/\/bitartean.eus\/#organization","name":"Bi-Tartean","url":"https:\/\/bitartean.eus\/","sameAs":[],"logo":{"@type":"ImageObject","inLanguage":"es","@id":"https:\/\/bitartean.eus\/#\/schema\/logo\/image\/","url":"http:\/\/bienartean.eus\/wp-content\/uploads\/2020\/05\/logo_500.png","contentUrl":"http:\/\/bienartean.eus\/wp-content\/uploads\/2020\/05\/logo_500.png","width":831,"height":572,"caption":"Bi-Tartean"},"image":{"@id":"https:\/\/bitartean.eus\/#\/schema\/logo\/image\/"}},{"@type":"WebSite","@id":"https:\/\/bitartean.eus\/#website","url":"https:\/\/bitartean.eus\/","name":"Bi-Tartean","description":"Merkatari Elkartea","publisher":{"@id":"https:\/\/bitartean.eus\/#organization"},"potentialAction":[{"@type":"SearchAction","target":{"@type":"EntryPoint","urlTemplate":"https:\/\/bitartean.eus\/?s={search_term_string}"},"query-input":"required name=search_term_string"}],"inLanguage":"es"},{"@type":"WebPage","@id":"https:\/\/bitartean.eus\/es\/formazioa\/#webpage","url":"https:\/\/bitartean.eus\/es\/formazioa\/","name":"INNOVACI\u00d3N-FORMACI\u00d3N - Bi-Tartean","isPartOf":{"@id":"https:\/\/bitartean.eus\/#website"},"datePublished":"2021-09-07T14:24:39+00:00","dateModified":"2025-03-03T10:10:44+00:00","breadcrumb":{"@id":"https:\/\/bitartean.eus\/es\/formazioa\/#breadcrumb"},"inLanguage":"es","potentialAction":[{"@type":"ReadAction","target":["https:\/\/bitartean.eus\/es\/formazioa\/"]}]},{"@type":"BreadcrumbList","@id":"https:\/\/bitartean.eus\/es\/formazioa\/#breadcrumb","itemListElement":[{"@type":"ListItem","position":1,"name":"Home","item":"https:\/\/bitartean.eus\/es\/"},{"@type":"ListItem","position":2,"name":"INNOVACI\u00d3N-FORMACI\u00d3N"}]}]}},"_links":{"self":[{"href":"https:\/\/bitartean.eus\/es\/wp-json\/wp\/v2\/pages\/1824"}],"collection":[{"href":"https:\/\/bitartean.eus\/es\/wp-json\/wp\/v2\/pages"}],"about":[{"href":"https:\/\/bitartean.eus\/es\/wp-json\/wp\/v2\/types\/page"}],"author":[{"embeddable":true,"href":"https:\/\/bitartean.eus\/es\/wp-json\/wp\/v2\/users\/1"}],"replies":[{"embeddable":true,"href":"https:\/\/bitartean.eus\/es\/wp-json\/wp\/v2\/comments?post=1824"}],"version-history":[{"count":15,"href":"https:\/\/bitartean.eus\/es\/wp-json\/wp\/v2\/pages\/1824\/revisions"}],"predecessor-version":[{"id":5620,"href":"https:\/\/bitartean.eus\/es\/wp-json\/wp\/v2\/pages\/1824\/revisions\/5620"}],"wp:attachment":[{"href":"https:\/\/bitartean.eus\/es\/wp-json\/wp\/v2\/media?parent=1824"}],"curies":[{"name":"wp","href":"https:\/\/api.w.org\/{rel}","templated":true}]}}