{"id":1841,"date":"2021-09-07T15:40:37","date_gmt":"2021-09-07T14:40:37","guid":{"rendered":"http:\/\/komertzioak.rongbuk.com\/?page_id=1841"},"modified":"2025-12-29T14:04:36","modified_gmt":"2025-12-29T13:04:36","slug":"merkataritzako-bulego-teknikoa","status":"publish","type":"page","link":"https:\/\/bitartean.eus\/es\/merkataritzako-bulego-teknikoa\/","title":{"rendered":"Oficina T\u00e9cnica de Comercio"},"content":{"rendered":"\n  <div class=\"banner has-hover\" id=\"banner-333294410\">\n          <div class=\"banner-inner fill\">\n        <div class=\"banner-bg fill\" >\n            <div class=\"bg fill bg-fill \"><\/div>\n                                    \n\t<div class=\"is-border\"\n\t\tstyle=\"border-color:rgb(6, 42, 82);border-width:0px 0px 9px 0px;\">\n\t<\/div>\n                    <\/div>\n        <div class=\"banner-layers container\">\n            <div class=\"fill banner-link\"><\/div>            \n   <div id=\"text-box-1085090257\" class=\"text-box banner-layer text-box-circle x50 md-x0 lg-x0 y50 md-y50 lg-y50 res-text\">\n       <div class=\"hover-bounce\">              <div data-animate=\"bounceInRight\">           <div class=\"text box-shadow-2 box-shadow-2-hover dark\">\n              \n              <div class=\"text-inner text-center\">\n                  \n<h1 class=\"uppercase\"><span style=\"font-size: 80%;\">PUNTO DE ASISTENCIA COMERCIAL<\/span><\/h1>\n              <\/div>\n           <\/div>\n       <\/div>              <\/div>       \n<style scope=\"scope\">\n\n#text-box-1085090257 .text {\n  background-color: rgba(6, 42, 82, 0.83);\n  font-size: 78%;\n  transform: rotate(3deg);\n}\n#text-box-1085090257 .text-inner {\n  padding: 30px 30px 30px 30px;\n}\n#text-box-1085090257 {\n  width: 70%;\n}\n\n\n@media (min-width:550px) {\n\n  #text-box-1085090257 {\n    width: 40%;\n  }\n  #text-box-1085090257 .text {\n    font-size: 100%;\n  }\n\n}\n<\/style>\n    <\/div>\n \n        <\/div>\n      <\/div>\n\n            \n<style scope=\"scope\">\n\n#banner-333294410 {\n  padding-top: 97%;\n}\n#banner-333294410 .bg.bg-loaded {\n  background-image: url(https:\/\/bitartean.eus\/wp-content\/uploads\/2025\/12\/Diseno-sin-titulo8.png);\n}\n#banner-333294410 .bg {\n  background-position: 0% 40%;\n}\n\n\n@media (min-width:550px) {\n\n  #banner-333294410 {\n    padding-top: 51%;\n  }\n\n}\n\n\n@media (min-width:850px) {\n\n  #banner-333294410 {\n    padding-top: 38%;\n  }\n\n}\n<\/style>\n  <\/div>\n\n\n<div class=\"row row-large row-solid\"  id=\"row-459743160\">\n\n\t<div class=\"col medium-12 small-12 large-8\"  >\n\t\t<div class=\"col-inner\" style=\"padding:0px 65px 0px 37px;margin:47px 0px 25px 0px;\" >\n\t\t\t\n\t\t\t\n<div>Merkasaretza, la Red Vasca de Puntos de Asistencia Comercial es una red creada por el Gobierno Vasco con el fin de ofrecer atenci\u00f3n y asistencia a las empresas comerciales en la comunidad aut\u00f3noma vasca.<\/div>\n<div>\u00a0<\/div>\n<div>Responde de forma estructurada y eficaz, como grupo de trabajo integrado y coordinado, a comerciantes de diferentes comarcas y zonas.<\/div>\n<div>\u00a0<\/div>\n<div>La red de PACs, conocedora de la realidad del comercio urbano, promueve procesos que contribuyan a aumentar la competitividad del comercio en cada zona y a perdurar en el tiempo, y contribuye al desarrollo de nuevas pol\u00edticas del Departamento de Comercio del Gobierno Vasco y de otras instituciones p\u00fablicas.<\/div>\n<div>\u00a0<\/div>\n<div>\n<div>En nuestra comarca uno de los Puntos de Asistencia Comercial se ubica en la sede de la Asociaci\u00f3n Bi-Tartean. Bi-Tartean Elkartea, consciente de la importancia de contar con una oficina de este tipo, elabora y ejecuta anualmente la solicitud de la oficina t\u00e9cnica.<\/div>\n<div>\u00a0<\/div>\n<div>El Punto de Asistencia Comercial de Urola Garaia ofrece los siguientes servicios:<\/div>\n<\/div>\n<div>\u00a0<\/div>\n<div>\n<div>1.- OBSERVATORIO, AN\u00c1LISIS Y ESTUDIOS.<\/div>\n<div>2.- INFORMACI\u00d3N<\/div>\n<div>3.- FORMACION<\/div>\n<div>4.- ASISTENCIA T\u00c9CNICA PARA LA GESTI\u00d3N<\/div>\n<div>5.- COOPERACI\u00d3N \/ OFICINA DE PROYECTOS. DINAMIZACI\u00d3N Y OTROS<\/div>\n<div>6. &#8211; ASESORAMIENTO Y ATENCI\u00d3N DE CONSULTAS y TRAMITACI\u00d3N DE SUBVENCIONES<\/div>\n<\/div>\n<div>\u00a0<\/div>\n<div>\n<div>MISI\u00d3N<\/div>\n<div>El Punto de Asistencia Comercial que Bi-Bitartean solicita tiene como objetivo principal promover y mejorar la competitividad y la actividad econ\u00f3mica de las empresas del sector comercial a trav\u00e9s de la informaci\u00f3n, asesoramiento y oferta formativa, siempre desde la perspectiva del euskera, la igualdad y la sostenibilidad. Adem\u00e1s, pretende impulsar el desarrollo de actividades orientadas a dinamizar la generaci\u00f3n de las condiciones necesarias para posicionar a Urola Garaia como un polo comercial de calidad.<\/div>\n<\/div>\n<div>\u00a0<\/div>\n<div>\n<div>VISI\u00d3N<\/div>\n<div>Ser un agente integral y activo de referencia en el \u00e1mbito de actuaci\u00f3n de Urola Garaia para las empresas del sector del comercio, las asociaciones de comerciantes y entidades p\u00fablicas y privadas en la difusi\u00f3n y mediaci\u00f3n de las iniciativas nacionales, regionales y locales destinadas a la actividad del comercio, as\u00ed como en el dise\u00f1o y desarrollo de iniciativas propias.<\/div>\n<\/div>\n<div>\u00a0<\/div>\n<div>\n<div>VALORES<\/div>\n<div>-Actuar como ventanilla \u00fanica: informaci\u00f3n, asesoramiento y formaci\u00f3n<\/div>\n<div>-Accesibilidad y cercan\u00eda<\/div>\n<\/div>\n<div>\u00a0<\/div>\n<div>\u00a0<\/div>\n\t\t<\/div>\n\t<\/div>\n\n\t\n\n\t<div class=\"col medium-3 small-12 large-3\"  >\n\t\t<div class=\"col-inner text-center\" style=\"background-color:#004379;padding:26px 0px 30px 0px;border-radius:13px;\" >\n\t\t\t\n\t\t\t\n<div class=\"ux-logo has-hover align-middle ux_logo inline-block\" style=\"max-width: 100%!important; width: 92px!important\"><a class=\"ux-logo-link block image-\" title=\"747 48 61 52\"  href=\"tel:747486152\" style=\"padding: 15px;\"><img src=\"https:\/\/bitartean.eus\/wp-content\/uploads\/2020\/05\/telefono.png\" title=\"747 48 61 52\" alt=\"747 48 61 52\" class=\"ux-logo-image block\" style=\"height:62px;\" \/><\/a><\/div>\n<h3><span style=\"color: #ffffff;\"><span style=\"font-size: 20.9664px;\">747 48 61 52<\/span><\/span><\/h3>\n<a href=\"tel:747486152\" target=\"_self\" class=\"button white is-underline is-large\"  style=\"border-radius:99px;\">\n    <span>LLAMAR<\/span>\n  <i class=\"icon-phone\" ><\/i><\/a>\n\n\t<div id=\"gap-278513441\" class=\"gap-element clearfix\" style=\"display:block; height:auto;\">\n\t\t\n<style scope=\"scope\">\n\n#gap-278513441 {\n  padding-top: 11px;\n}\n<\/style>\n\t<\/div>\n\t\n<p><span style=\"color: #ffffff;\">Labeaga 56, Urretxu<\/span><br \/><span style=\"color: #ffffff;\">(En oficina Asociaci\u00f3n Bi-Tartean)<\/span><\/p>\n\t\t<\/div>\n\t<\/div>\n\n\t\n\n<style scope=\"scope\">\n\n#row-459743160 > .col > .col-inner {\n  padding: 0px 0px 48px 0px;\n}\n<\/style>\n<\/div>\n\t<div id=\"gap-198660857\" class=\"gap-element clearfix\" style=\"display:block; height:auto;\">\n\t\t\n<style scope=\"scope\">\n\n#gap-198660857 {\n  padding-top: 59px;\n}\n<\/style>\n\t<\/div>\n\t\n\n  <div class=\"banner has-hover\" id=\"banner-1756619137\">\n          <div class=\"banner-inner fill\">\n        <div class=\"banner-bg fill\" >\n            <div class=\"bg fill bg-fill \"><\/div>\n                        <div class=\"overlay\"><\/div>            \n                    <\/div>\n        <div class=\"banner-layers container\">\n            <div class=\"fill banner-link\"><\/div>            \n   <div id=\"text-box-1384194938\" class=\"text-box banner-layer x5 md-x5 lg-x5 y50 md-y50 lg-y50 res-text\">\n                                <div class=\"text box-shadow-3\">\n              \n              <div class=\"text-inner text-center\">\n                  \n<h2 class=\"uppercase\"><strong>OFICINA T\u00c9CNICA DE COMERCIO<br \/>\n<\/strong><\/h2>\n<p>Labeaga kalea, 56. Urretxu.<\/p>\n<a rel=\"noopener noreferrer\" href=\"https:\/\/goo.gl\/maps\/dyeQ6AReM822k42G7\" target=\"_blank\" class=\"button primary\"  >\n    <span>VER EL MAPA<\/span>\n  <\/a>\n\n              <\/div>\n           <\/div>\n                            \n<style scope=\"scope\">\n\n#text-box-1384194938 .text {\n  background-color: rgba(255, 255, 255, 0.65);\n  font-size: 100%;\n}\n#text-box-1384194938 .text-inner {\n  padding: 30px 30px 30px 30px;\n}\n#text-box-1384194938 {\n  width: 90%;\n}\n\n\n@media (min-width:550px) {\n\n  #text-box-1384194938 {\n    width: 40%;\n  }\n\n}\n<\/style>\n    <\/div>\n \n        <\/div>\n      <\/div>\n\n            \n<style scope=\"scope\">\n\n#banner-1756619137 {\n  padding-top: 500px;\n  background-color: rgba(255, 255, 255, 0.54);\n}\n#banner-1756619137 .bg.bg-loaded {\n  background-image: url(https:\/\/bitartean.eus\/wp-content\/uploads\/2021\/09\/Mapa-1024x576.jpg);\n}\n#banner-1756619137 .overlay {\n  background-color: rgba(0, 67, 121, 0.33);\n}\n\n\n@media (min-width:550px) {\n\n  #banner-1756619137 .overlay {\n    background-color: rgba(0, 67, 121, 0.31);\n  }\n\n}\n<\/style>\n  <\/div>\n\n\n","protected":false},"excerpt":{"rendered":"","protected":false},"author":1,"featured_media":0,"parent":0,"menu_order":0,"comment_status":"closed","ping_status":"closed","template":"page-blank.php","meta":[],"yoast_head":"<!-- This site is optimized with the Yoast SEO plugin v18.7 - https:\/\/yoast.com\/wordpress\/plugins\/seo\/ -->\n<title>Oficina T\u00e9cnica de Comercio - Bi-Tartean<\/title>\n<meta name=\"robots\" content=\"index, follow, max-snippet:-1, max-image-preview:large, max-video-preview:-1\" \/>\n<link rel=\"canonical\" href=\"https:\/\/bitartean.eus\/es\/merkataritzako-bulego-teknikoa\/\" \/>\n<meta property=\"og:locale\" content=\"es_ES\" \/>\n<meta property=\"og:type\" content=\"article\" \/>\n<meta property=\"og:title\" content=\"Oficina T\u00e9cnica de Comercio - Bi-Tartean\" \/>\n<meta property=\"og:url\" content=\"https:\/\/bitartean.eus\/es\/merkataritzako-bulego-teknikoa\/\" \/>\n<meta property=\"og:site_name\" content=\"Bi-Tartean\" \/>\n<meta property=\"article:modified_time\" content=\"2025-12-29T13:04:36+00:00\" \/>\n<meta name=\"twitter:card\" content=\"summary_large_image\" \/>\n<meta name=\"twitter:label1\" content=\"Tiempo de lectura\" \/>\n\t<meta name=\"twitter:data1\" content=\"3 minutos\" \/>\n<script type=\"application\/ld+json\" class=\"yoast-schema-graph\">{\"@context\":\"https:\/\/schema.org\",\"@graph\":[{\"@type\":\"Organization\",\"@id\":\"https:\/\/bitartean.eus\/#organization\",\"name\":\"Bi-Tartean\",\"url\":\"https:\/\/bitartean.eus\/\",\"sameAs\":[],\"logo\":{\"@type\":\"ImageObject\",\"inLanguage\":\"es\",\"@id\":\"https:\/\/bitartean.eus\/#\/schema\/logo\/image\/\",\"url\":\"http:\/\/bienartean.eus\/wp-content\/uploads\/2020\/05\/logo_500.png\",\"contentUrl\":\"http:\/\/bienartean.eus\/wp-content\/uploads\/2020\/05\/logo_500.png\",\"width\":831,\"height\":572,\"caption\":\"Bi-Tartean\"},\"image\":{\"@id\":\"https:\/\/bitartean.eus\/#\/schema\/logo\/image\/\"}},{\"@type\":\"WebSite\",\"@id\":\"https:\/\/bitartean.eus\/#website\",\"url\":\"https:\/\/bitartean.eus\/\",\"name\":\"Bi-Tartean\",\"description\":\"Merkatari Elkartea\",\"publisher\":{\"@id\":\"https:\/\/bitartean.eus\/#organization\"},\"potentialAction\":[{\"@type\":\"SearchAction\",\"target\":{\"@type\":\"EntryPoint\",\"urlTemplate\":\"https:\/\/bitartean.eus\/?s={search_term_string}\"},\"query-input\":\"required name=search_term_string\"}],\"inLanguage\":\"es\"},{\"@type\":\"WebPage\",\"@id\":\"https:\/\/bitartean.eus\/es\/merkataritzako-bulego-teknikoa\/#webpage\",\"url\":\"https:\/\/bitartean.eus\/es\/merkataritzako-bulego-teknikoa\/\",\"name\":\"Oficina T\u00e9cnica de Comercio - Bi-Tartean\",\"isPartOf\":{\"@id\":\"https:\/\/bitartean.eus\/#website\"},\"datePublished\":\"2021-09-07T14:40:37+00:00\",\"dateModified\":\"2025-12-29T13:04:36+00:00\",\"breadcrumb\":{\"@id\":\"https:\/\/bitartean.eus\/es\/merkataritzako-bulego-teknikoa\/#breadcrumb\"},\"inLanguage\":\"es\",\"potentialAction\":[{\"@type\":\"ReadAction\",\"target\":[\"https:\/\/bitartean.eus\/es\/merkataritzako-bulego-teknikoa\/\"]}]},{\"@type\":\"BreadcrumbList\",\"@id\":\"https:\/\/bitartean.eus\/es\/merkataritzako-bulego-teknikoa\/#breadcrumb\",\"itemListElement\":[{\"@type\":\"ListItem\",\"position\":1,\"name\":\"Home\",\"item\":\"https:\/\/bitartean.eus\/es\/\"},{\"@type\":\"ListItem\",\"position\":2,\"name\":\"Oficina T\u00e9cnica de Comercio\"}]}]}<\/script>\n<!-- \/ Yoast SEO plugin. -->","yoast_head_json":{"title":"Oficina T\u00e9cnica de Comercio - Bi-Tartean","robots":{"index":"index","follow":"follow","max-snippet":"max-snippet:-1","max-image-preview":"max-image-preview:large","max-video-preview":"max-video-preview:-1"},"canonical":"https:\/\/bitartean.eus\/es\/merkataritzako-bulego-teknikoa\/","og_locale":"es_ES","og_type":"article","og_title":"Oficina T\u00e9cnica de Comercio - Bi-Tartean","og_url":"https:\/\/bitartean.eus\/es\/merkataritzako-bulego-teknikoa\/","og_site_name":"Bi-Tartean","article_modified_time":"2025-12-29T13:04:36+00:00","twitter_card":"summary_large_image","twitter_misc":{"Tiempo de lectura":"3 minutos"},"schema":{"@context":"https:\/\/schema.org","@graph":[{"@type":"Organization","@id":"https:\/\/bitartean.eus\/#organization","name":"Bi-Tartean","url":"https:\/\/bitartean.eus\/","sameAs":[],"logo":{"@type":"ImageObject","inLanguage":"es","@id":"https:\/\/bitartean.eus\/#\/schema\/logo\/image\/","url":"http:\/\/bienartean.eus\/wp-content\/uploads\/2020\/05\/logo_500.png","contentUrl":"http:\/\/bienartean.eus\/wp-content\/uploads\/2020\/05\/logo_500.png","width":831,"height":572,"caption":"Bi-Tartean"},"image":{"@id":"https:\/\/bitartean.eus\/#\/schema\/logo\/image\/"}},{"@type":"WebSite","@id":"https:\/\/bitartean.eus\/#website","url":"https:\/\/bitartean.eus\/","name":"Bi-Tartean","description":"Merkatari Elkartea","publisher":{"@id":"https:\/\/bitartean.eus\/#organization"},"potentialAction":[{"@type":"SearchAction","target":{"@type":"EntryPoint","urlTemplate":"https:\/\/bitartean.eus\/?s={search_term_string}"},"query-input":"required name=search_term_string"}],"inLanguage":"es"},{"@type":"WebPage","@id":"https:\/\/bitartean.eus\/es\/merkataritzako-bulego-teknikoa\/#webpage","url":"https:\/\/bitartean.eus\/es\/merkataritzako-bulego-teknikoa\/","name":"Oficina T\u00e9cnica de Comercio - Bi-Tartean","isPartOf":{"@id":"https:\/\/bitartean.eus\/#website"},"datePublished":"2021-09-07T14:40:37+00:00","dateModified":"2025-12-29T13:04:36+00:00","breadcrumb":{"@id":"https:\/\/bitartean.eus\/es\/merkataritzako-bulego-teknikoa\/#breadcrumb"},"inLanguage":"es","potentialAction":[{"@type":"ReadAction","target":["https:\/\/bitartean.eus\/es\/merkataritzako-bulego-teknikoa\/"]}]},{"@type":"BreadcrumbList","@id":"https:\/\/bitartean.eus\/es\/merkataritzako-bulego-teknikoa\/#breadcrumb","itemListElement":[{"@type":"ListItem","position":1,"name":"Home","item":"https:\/\/bitartean.eus\/es\/"},{"@type":"ListItem","position":2,"name":"Oficina T\u00e9cnica de Comercio"}]}]}},"_links":{"self":[{"href":"https:\/\/bitartean.eus\/es\/wp-json\/wp\/v2\/pages\/1841"}],"collection":[{"href":"https:\/\/bitartean.eus\/es\/wp-json\/wp\/v2\/pages"}],"about":[{"href":"https:\/\/bitartean.eus\/es\/wp-json\/wp\/v2\/types\/page"}],"author":[{"embeddable":true,"href":"https:\/\/bitartean.eus\/es\/wp-json\/wp\/v2\/users\/1"}],"replies":[{"embeddable":true,"href":"https:\/\/bitartean.eus\/es\/wp-json\/wp\/v2\/comments?post=1841"}],"version-history":[{"count":20,"href":"https:\/\/bitartean.eus\/es\/wp-json\/wp\/v2\/pages\/1841\/revisions"}],"predecessor-version":[{"id":6398,"href":"https:\/\/bitartean.eus\/es\/wp-json\/wp\/v2\/pages\/1841\/revisions\/6398"}],"wp:attachment":[{"href":"https:\/\/bitartean.eus\/es\/wp-json\/wp\/v2\/media?parent=1841"}],"curies":[{"name":"wp","href":"https:\/\/api.w.org\/{rel}","templated":true}]}}