{"id":1853,"date":"2021-09-07T15:58:02","date_gmt":"2021-09-07T14:58:02","guid":{"rendered":"http:\/\/komertzioak.rongbuk.com\/?page_id=1853"},"modified":"2023-03-07T16:02:32","modified_gmt":"2023-03-07T15:02:32","slug":"dirulaguntzak","status":"publish","type":"page","link":"https:\/\/bitartean.eus\/es\/dirulaguntzak\/","title":{"rendered":"Subvenciones"},"content":{"rendered":"\n  <div class=\"banner has-hover\" id=\"banner-1749603128\">\n          <div class=\"banner-inner fill\">\n        <div class=\"banner-bg fill\" >\n            <div class=\"bg fill bg-fill \"><\/div>\n                        <div class=\"overlay\"><\/div>            \n\t<div class=\"is-border\"\n\t\tstyle=\"border-color:rgb(6, 42, 82);border-width:0px 0px 9px 0px;\">\n\t<\/div>\n                    <\/div>\n        <div class=\"banner-layers container\">\n            <div class=\"fill banner-link\"><\/div>            \n   <div id=\"text-box-294095655\" class=\"text-box banner-layer text-box-circle x50 md-x5 lg-x5 y50 md-y50 lg-y50 res-text\">\n       <div class=\"hover-bounce\">              <div data-animate=\"bounceInRight\">           <div class=\"text box-shadow-2 box-shadow-2-hover dark\">\n              \n              <div class=\"text-inner text-center\">\n                  \n<h1 class=\"uppercase\"><span style=\"font-size: 75%;\">SUBVENCIONES<\/span><\/h1>\n              <\/div>\n           <\/div>\n       <\/div>              <\/div>       \n<style scope=\"scope\">\n\n#text-box-294095655 .text {\n  background-color: rgba(6, 42, 82, 0.83);\n  font-size: 65%;\n  transform: rotate(3deg);\n}\n#text-box-294095655 .text-inner {\n  padding: 30px 30px 30px 30px;\n}\n#text-box-294095655 {\n  width: 60%;\n}\n\n\n@media (min-width:550px) {\n\n  #text-box-294095655 {\n    width: 40%;\n  }\n  #text-box-294095655 .text {\n    font-size: 100%;\n  }\n\n}\n<\/style>\n    <\/div>\n \n        <\/div>\n      <\/div>\n\n            \n<style scope=\"scope\">\n\n#banner-1749603128 {\n  padding-top: 77%;\n}\n#banner-1749603128 .bg.bg-loaded {\n  background-image: url(https:\/\/bitartean.eus\/wp-content\/uploads\/2020\/05\/Dirua.jpg);\n}\n#banner-1749603128 .overlay {\n  background-color: rgba(0, 0, 0, 0.2);\n}\n\n\n@media (min-width:550px) {\n\n  #banner-1749603128 {\n    padding-top: 67%;\n  }\n\n}\n\n\n@media (min-width:850px) {\n\n  #banner-1749603128 {\n    padding-top: 38%;\n  }\n\n}\n<\/style>\n  <\/div>\n\n\n<div class=\"row\"  id=\"row-249809528\">\n\n\t<div class=\"col medium-12 small-12 large-12\"  >\n\t\t<div class=\"col-inner\" style=\"padding:0px 0px 0px 0;margin:48px 0px 51px 0px;\" >\n\t\t\t\n\t\t\t\n\n  \n    <div id=\"row-824046319\" class=\"row large-columns-2 medium-columns- small-columns-1 row-masonry\" data-packery-options='{\"itemSelector\": \".col\", \"gutter\": 0, \"presentageWidth\" : true}'>\n\n  \t\t<div class=\"col post-item\" >\n\t\t\t<div class=\"col-inner\">\n\t\t\t<a href=\"https:\/\/bitartean.eus\/es\/subvenciones-para-la-emancipacion-de-jovenes\/\" class=\"plain\">\n\t\t\t\t<div class=\"box box-badge hover-dark box-text-bottom box-blog-post has-hover\">\n            \t\t\t\t\t<div class=\"box-image\" >\n  \t\t\t\t\t\t<div class=\"image-cover\" style=\"padding-top:56.25%;\">\n  \t\t\t\t\t\t\t<img width=\"169\" height=\"300\" src=\"https:\/\/bitartean.eus\/wp-content\/uploads\/2023\/04\/zumarraga-169x300.jpg\" class=\"attachment-medium size-medium wp-post-image\" alt=\"\" loading=\"lazy\" srcset=\"https:\/\/bitartean.eus\/wp-content\/uploads\/2023\/04\/zumarraga-169x300.jpg 169w, https:\/\/bitartean.eus\/wp-content\/uploads\/2023\/04\/zumarraga-576x1024.jpg 576w, https:\/\/bitartean.eus\/wp-content\/uploads\/2023\/04\/zumarraga-768x1365.jpg 768w, https:\/\/bitartean.eus\/wp-content\/uploads\/2023\/04\/zumarraga-864x1536.jpg 864w, https:\/\/bitartean.eus\/wp-content\/uploads\/2023\/04\/zumarraga.jpg 1080w\" sizes=\"(max-width: 169px) 100vw, 169px\" \/>  \t\t\t\t\t\t\t<div class=\"overlay\" style=\"background-color: rgba(220, 220, 220, 0.31)\"><\/div>  \t\t\t\t\t\t\t  \t\t\t\t\t\t<\/div>\n  \t\t\t\t\t\t  \t\t\t\t\t<\/div>\n          \t\t\t\t\t<div class=\"box-text text-center\" >\n\t\t\t\t\t<div class=\"box-text-inner blog-post-inner\">\n\n\t\t\t\t\t\n\t\t\t\t\t\t\t\t\t\t<h5 class=\"post-title is-larger uppercase\">Subvenciones para la emancipaci\u00f3n de j\u00f3venes<\/h5>\n\t\t\t\t\t\t\t\t\t\t<div class=\"is-divider\"><\/div>\n\t\t\t\t\t                    \n\t\t\t\t\t\n\t\t\t\t\t\n\t\t\t\t\t<\/div>\n\t\t\t\t\t<\/div>\n\t\t\t\t\t\t\t\t\t<\/div>\n\t\t\t\t<\/a>\n\t\t\t<\/div>\n\t\t<\/div>\n\t\t<div class=\"col post-item\" >\n\t\t\t<div class=\"col-inner\">\n\t\t\t<a href=\"https:\/\/bitartean.eus\/es\/programa-ayudas-zumarragarekin-2023\/\" class=\"plain\">\n\t\t\t\t<div class=\"box box-badge hover-dark box-text-bottom box-blog-post has-hover\">\n            \t\t\t\t\t<div class=\"box-image\" >\n  \t\t\t\t\t\t<div class=\"image-cover\" style=\"padding-top:56.25%;\">\n  \t\t\t\t\t\t\t<img width=\"169\" height=\"300\" src=\"https:\/\/bitartean.eus\/wp-content\/uploads\/2023\/04\/zumarraga-169x300.jpg\" class=\"attachment-medium size-medium wp-post-image\" alt=\"\" loading=\"lazy\" srcset=\"https:\/\/bitartean.eus\/wp-content\/uploads\/2023\/04\/zumarraga-169x300.jpg 169w, https:\/\/bitartean.eus\/wp-content\/uploads\/2023\/04\/zumarraga-576x1024.jpg 576w, https:\/\/bitartean.eus\/wp-content\/uploads\/2023\/04\/zumarraga-768x1365.jpg 768w, https:\/\/bitartean.eus\/wp-content\/uploads\/2023\/04\/zumarraga-864x1536.jpg 864w, https:\/\/bitartean.eus\/wp-content\/uploads\/2023\/04\/zumarraga.jpg 1080w\" sizes=\"(max-width: 169px) 100vw, 169px\" \/>  \t\t\t\t\t\t\t<div class=\"overlay\" style=\"background-color: rgba(220, 220, 220, 0.31)\"><\/div>  \t\t\t\t\t\t\t  \t\t\t\t\t\t<\/div>\n  \t\t\t\t\t\t  \t\t\t\t\t<\/div>\n          \t\t\t\t\t<div class=\"box-text text-center\" >\n\t\t\t\t\t<div class=\"box-text-inner blog-post-inner\">\n\n\t\t\t\t\t\n\t\t\t\t\t\t\t\t\t\t<h5 class=\"post-title is-larger uppercase\">Programa ayudas ZumarragarEKIN<\/h5>\n\t\t\t\t\t\t\t\t\t\t<div class=\"is-divider\"><\/div>\n\t\t\t\t\t                    \n\t\t\t\t\t\n\t\t\t\t\t\n\t\t\t\t\t<\/div>\n\t\t\t\t\t<\/div>\n\t\t\t\t\t\t\t\t\t<\/div>\n\t\t\t\t<\/a>\n\t\t\t<\/div>\n\t\t<\/div>\n\t\t<div class=\"col post-item\" >\n\t\t\t<div class=\"col-inner\">\n\t\t\t<a href=\"https:\/\/bitartean.eus\/es\/subvenciones-para-impulsar-el-uso-del-euskera-en-la-rotulacion-imagen-corporativa-y-pagina-web-2023\/\" class=\"plain\">\n\t\t\t\t<div class=\"box box-badge hover-dark box-text-bottom box-blog-post has-hover\">\n            \t\t\t\t\t<div class=\"box-image\" >\n  \t\t\t\t\t\t<div class=\"image-cover\" style=\"padding-top:56.25%;\">\n  \t\t\t\t\t\t\t<img width=\"169\" height=\"300\" src=\"https:\/\/bitartean.eus\/wp-content\/uploads\/2023\/04\/zumarraga-169x300.jpg\" class=\"attachment-medium size-medium wp-post-image\" alt=\"\" loading=\"lazy\" srcset=\"https:\/\/bitartean.eus\/wp-content\/uploads\/2023\/04\/zumarraga-169x300.jpg 169w, https:\/\/bitartean.eus\/wp-content\/uploads\/2023\/04\/zumarraga-576x1024.jpg 576w, https:\/\/bitartean.eus\/wp-content\/uploads\/2023\/04\/zumarraga-768x1365.jpg 768w, https:\/\/bitartean.eus\/wp-content\/uploads\/2023\/04\/zumarraga-864x1536.jpg 864w, https:\/\/bitartean.eus\/wp-content\/uploads\/2023\/04\/zumarraga.jpg 1080w\" sizes=\"(max-width: 169px) 100vw, 169px\" \/>  \t\t\t\t\t\t\t<div class=\"overlay\" style=\"background-color: rgba(220, 220, 220, 0.31)\"><\/div>  \t\t\t\t\t\t\t  \t\t\t\t\t\t<\/div>\n  \t\t\t\t\t\t  \t\t\t\t\t<\/div>\n          \t\t\t\t\t<div class=\"box-text text-center\" >\n\t\t\t\t\t<div class=\"box-text-inner blog-post-inner\">\n\n\t\t\t\t\t\n\t\t\t\t\t\t\t\t\t\t<h5 class=\"post-title is-larger uppercase\">Subvenciones para impulsar el uso del euskera en la rotulaci\u00f3n, imagen corporativa y p\u00e1gina web 2025<\/h5>\n\t\t\t\t\t\t\t\t\t\t<div class=\"is-divider\"><\/div>\n\t\t\t\t\t                    \n\t\t\t\t\t\n\t\t\t\t\t\n\t\t\t\t\t<\/div>\n\t\t\t\t\t<\/div>\n\t\t\t\t\t\t\t\t\t<\/div>\n\t\t\t\t<\/a>\n\t\t\t<\/div>\n\t\t<\/div>\n\t\t<div class=\"col post-item\" >\n\t\t\t<div class=\"col-inner\">\n\t\t\t<a href=\"https:\/\/bitartean.eus\/es\/ayudas-programa-fondo-tecnologico\/\" class=\"plain\">\n\t\t\t\t<div class=\"box box-badge hover-dark box-text-bottom box-blog-post has-hover\">\n            \t\t\t\t\t<div class=\"box-image\" >\n  \t\t\t\t\t\t<div class=\"image-cover\" style=\"padding-top:56.25%;\">\n  \t\t\t\t\t\t\t<img width=\"169\" height=\"300\" src=\"https:\/\/bitartean.eus\/wp-content\/uploads\/2023\/03\/EJ-169x300.jpg\" class=\"attachment-medium size-medium wp-post-image\" alt=\"\" loading=\"lazy\" srcset=\"https:\/\/bitartean.eus\/wp-content\/uploads\/2023\/03\/EJ-169x300.jpg 169w, https:\/\/bitartean.eus\/wp-content\/uploads\/2023\/03\/EJ-576x1024.jpg 576w, https:\/\/bitartean.eus\/wp-content\/uploads\/2023\/03\/EJ-768x1365.jpg 768w, https:\/\/bitartean.eus\/wp-content\/uploads\/2023\/03\/EJ-864x1536.jpg 864w, https:\/\/bitartean.eus\/wp-content\/uploads\/2023\/03\/EJ.jpg 1080w\" sizes=\"(max-width: 169px) 100vw, 169px\" \/>  \t\t\t\t\t\t\t<div class=\"overlay\" style=\"background-color: rgba(220, 220, 220, 0.31)\"><\/div>  \t\t\t\t\t\t\t  \t\t\t\t\t\t<\/div>\n  \t\t\t\t\t\t  \t\t\t\t\t<\/div>\n          \t\t\t\t\t<div class=\"box-text text-center\" >\n\t\t\t\t\t<div class=\"box-text-inner blog-post-inner\">\n\n\t\t\t\t\t\n\t\t\t\t\t\t\t\t\t\t<h5 class=\"post-title is-larger uppercase\">Ayudas Programa Fondo Tecnol\u00f3gico<\/h5>\n\t\t\t\t\t\t\t\t\t\t<div class=\"is-divider\"><\/div>\n\t\t\t\t\t                    \n\t\t\t\t\t\n\t\t\t\t\t\n\t\t\t\t\t<\/div>\n\t\t\t\t\t<\/div>\n\t\t\t\t\t\t\t\t\t<\/div>\n\t\t\t\t<\/a>\n\t\t\t<\/div>\n\t\t<\/div>\n\t\t<div class=\"col post-item\" >\n\t\t\t<div class=\"col-inner\">\n\t\t\t<a href=\"https:\/\/bitartean.eus\/es\/kanpoko-eta-barruko-errotuluak-irudi-korporatiboa-eta-web-gunea-euskaraz-jartzen-dituztenei-diru-laguntzak\/\" class=\"plain\">\n\t\t\t\t<div class=\"box box-badge hover-dark box-text-bottom box-blog-post has-hover\">\n            \t\t\t\t\t<div class=\"box-image\" >\n  \t\t\t\t\t\t<div class=\"image-cover\" style=\"padding-top:56.25%;\">\n  \t\t\t\t\t\t\t<img width=\"169\" height=\"300\" src=\"https:\/\/bitartean.eus\/wp-content\/uploads\/2023\/03\/urretxuko-laguntzak-169x300.jpg\" class=\"attachment-medium size-medium wp-post-image\" alt=\"\" loading=\"lazy\" srcset=\"https:\/\/bitartean.eus\/wp-content\/uploads\/2023\/03\/urretxuko-laguntzak-169x300.jpg 169w, https:\/\/bitartean.eus\/wp-content\/uploads\/2023\/03\/urretxuko-laguntzak-576x1024.jpg 576w, https:\/\/bitartean.eus\/wp-content\/uploads\/2023\/03\/urretxuko-laguntzak-768x1365.jpg 768w, https:\/\/bitartean.eus\/wp-content\/uploads\/2023\/03\/urretxuko-laguntzak-864x1536.jpg 864w, https:\/\/bitartean.eus\/wp-content\/uploads\/2023\/03\/urretxuko-laguntzak.jpg 1080w\" sizes=\"(max-width: 169px) 100vw, 169px\" \/>  \t\t\t\t\t\t\t<div class=\"overlay\" style=\"background-color: rgba(220, 220, 220, 0.31)\"><\/div>  \t\t\t\t\t\t\t  \t\t\t\t\t\t<\/div>\n  \t\t\t\t\t\t  \t\t\t\t\t<\/div>\n          \t\t\t\t\t<div class=\"box-text text-center\" >\n\t\t\t\t\t<div class=\"box-text-inner blog-post-inner\">\n\n\t\t\t\t\t\n\t\t\t\t\t\t\t\t\t\t<h5 class=\"post-title is-larger uppercase\">Subvenciones para ofrecer en euskera la rotulaci\u00f3n exterior e interior, imagen corporativa, v\u00eddeos publicitarios y p\u00e1gina web<\/h5>\n\t\t\t\t\t\t\t\t\t\t<div class=\"is-divider\"><\/div>\n\t\t\t\t\t                    \n\t\t\t\t\t\n\t\t\t\t\t\n\t\t\t\t\t<\/div>\n\t\t\t\t\t<\/div>\n\t\t\t\t\t\t\t\t\t<\/div>\n\t\t\t\t<\/a>\n\t\t\t<\/div>\n\t\t<\/div>\n\t\t<div class=\"col post-item\" >\n\t\t\t<div class=\"col-inner\">\n\t\t\t<a href=\"https:\/\/bitartean.eus\/es\/ticketbai-fakturazio-aplikazioa-euskaraz-jartzeko-laguntzak\/\" class=\"plain\">\n\t\t\t\t<div class=\"box box-badge hover-dark box-text-bottom box-blog-post has-hover\">\n            \t\t\t\t\t<div class=\"box-image\" >\n  \t\t\t\t\t\t<div class=\"image-cover\" style=\"padding-top:56.25%;\">\n  \t\t\t\t\t\t\t<img width=\"169\" height=\"300\" src=\"https:\/\/bitartean.eus\/wp-content\/uploads\/2023\/03\/urretxuko-laguntzak-169x300.jpg\" class=\"attachment-medium size-medium wp-post-image\" alt=\"\" loading=\"lazy\" srcset=\"https:\/\/bitartean.eus\/wp-content\/uploads\/2023\/03\/urretxuko-laguntzak-169x300.jpg 169w, https:\/\/bitartean.eus\/wp-content\/uploads\/2023\/03\/urretxuko-laguntzak-576x1024.jpg 576w, https:\/\/bitartean.eus\/wp-content\/uploads\/2023\/03\/urretxuko-laguntzak-768x1365.jpg 768w, https:\/\/bitartean.eus\/wp-content\/uploads\/2023\/03\/urretxuko-laguntzak-864x1536.jpg 864w, https:\/\/bitartean.eus\/wp-content\/uploads\/2023\/03\/urretxuko-laguntzak.jpg 1080w\" sizes=\"(max-width: 169px) 100vw, 169px\" \/>  \t\t\t\t\t\t\t<div class=\"overlay\" style=\"background-color: rgba(220, 220, 220, 0.31)\"><\/div>  \t\t\t\t\t\t\t  \t\t\t\t\t\t<\/div>\n  \t\t\t\t\t\t  \t\t\t\t\t<\/div>\n          \t\t\t\t\t<div class=\"box-text text-center\" >\n\t\t\t\t\t<div class=\"box-text-inner blog-post-inner\">\n\n\t\t\t\t\t\n\t\t\t\t\t\t\t\t\t\t<h5 class=\"post-title is-larger uppercase\">Ayudas a los establecimientos para la instalaci\u00f3n en euskara de la aplicaci\u00f3n de facturaci\u00f3n TicketBai.<\/h5>\n\t\t\t\t\t\t\t\t\t\t<div class=\"is-divider\"><\/div>\n\t\t\t\t\t                    \n\t\t\t\t\t\n\t\t\t\t\t\n\t\t\t\t\t<\/div>\n\t\t\t\t\t<\/div>\n\t\t\t\t\t\t\t\t\t<\/div>\n\t\t\t\t<\/a>\n\t\t\t<\/div>\n\t\t<\/div>\n<\/div>\n\t\t<\/div>\n\t<\/div>\n\n\t\n\n<style scope=\"scope\">\n\n#row-249809528 > .col > .col-inner {\n  padding: 0px 0px 48px 0px;\n}\n<\/style>\n<\/div>\n","protected":false},"excerpt":{"rendered":"","protected":false},"author":1,"featured_media":0,"parent":0,"menu_order":0,"comment_status":"closed","ping_status":"closed","template":"page-blank.php","meta":[],"yoast_head":"<!-- This site is optimized with the Yoast SEO plugin v18.7 - https:\/\/yoast.com\/wordpress\/plugins\/seo\/ -->\n<title>Subvenciones - Bi-Tartean<\/title>\n<meta name=\"robots\" content=\"index, follow, max-snippet:-1, max-image-preview:large, max-video-preview:-1\" \/>\n<link rel=\"canonical\" href=\"https:\/\/bitartean.eus\/es\/dirulaguntzak\/\" \/>\n<meta property=\"og:locale\" content=\"es_ES\" \/>\n<meta property=\"og:type\" content=\"article\" \/>\n<meta property=\"og:title\" content=\"Subvenciones - Bi-Tartean\" \/>\n<meta property=\"og:url\" content=\"https:\/\/bitartean.eus\/es\/dirulaguntzak\/\" \/>\n<meta property=\"og:site_name\" content=\"Bi-Tartean\" \/>\n<meta property=\"article:modified_time\" content=\"2023-03-07T15:02:32+00:00\" \/>\n<meta name=\"twitter:card\" content=\"summary_large_image\" \/>\n<meta name=\"twitter:label1\" content=\"Tiempo de lectura\" \/>\n\t<meta name=\"twitter:data1\" content=\"1 minuto\" \/>\n<script type=\"application\/ld+json\" class=\"yoast-schema-graph\">{\"@context\":\"https:\/\/schema.org\",\"@graph\":[{\"@type\":\"Organization\",\"@id\":\"https:\/\/bitartean.eus\/#organization\",\"name\":\"Bi-Tartean\",\"url\":\"https:\/\/bitartean.eus\/\",\"sameAs\":[],\"logo\":{\"@type\":\"ImageObject\",\"inLanguage\":\"es\",\"@id\":\"https:\/\/bitartean.eus\/#\/schema\/logo\/image\/\",\"url\":\"http:\/\/bienartean.eus\/wp-content\/uploads\/2020\/05\/logo_500.png\",\"contentUrl\":\"http:\/\/bienartean.eus\/wp-content\/uploads\/2020\/05\/logo_500.png\",\"width\":831,\"height\":572,\"caption\":\"Bi-Tartean\"},\"image\":{\"@id\":\"https:\/\/bitartean.eus\/#\/schema\/logo\/image\/\"}},{\"@type\":\"WebSite\",\"@id\":\"https:\/\/bitartean.eus\/#website\",\"url\":\"https:\/\/bitartean.eus\/\",\"name\":\"Bi-Tartean\",\"description\":\"Merkatari Elkartea\",\"publisher\":{\"@id\":\"https:\/\/bitartean.eus\/#organization\"},\"potentialAction\":[{\"@type\":\"SearchAction\",\"target\":{\"@type\":\"EntryPoint\",\"urlTemplate\":\"https:\/\/bitartean.eus\/?s={search_term_string}\"},\"query-input\":\"required name=search_term_string\"}],\"inLanguage\":\"es\"},{\"@type\":\"WebPage\",\"@id\":\"https:\/\/bitartean.eus\/es\/dirulaguntzak\/#webpage\",\"url\":\"https:\/\/bitartean.eus\/es\/dirulaguntzak\/\",\"name\":\"Subvenciones - Bi-Tartean\",\"isPartOf\":{\"@id\":\"https:\/\/bitartean.eus\/#website\"},\"datePublished\":\"2021-09-07T14:58:02+00:00\",\"dateModified\":\"2023-03-07T15:02:32+00:00\",\"breadcrumb\":{\"@id\":\"https:\/\/bitartean.eus\/es\/dirulaguntzak\/#breadcrumb\"},\"inLanguage\":\"es\",\"potentialAction\":[{\"@type\":\"ReadAction\",\"target\":[\"https:\/\/bitartean.eus\/es\/dirulaguntzak\/\"]}]},{\"@type\":\"BreadcrumbList\",\"@id\":\"https:\/\/bitartean.eus\/es\/dirulaguntzak\/#breadcrumb\",\"itemListElement\":[{\"@type\":\"ListItem\",\"position\":1,\"name\":\"Home\",\"item\":\"https:\/\/bitartean.eus\/es\/\"},{\"@type\":\"ListItem\",\"position\":2,\"name\":\"Subvenciones\"}]}]}<\/script>\n<!-- \/ Yoast SEO plugin. -->","yoast_head_json":{"title":"Subvenciones - Bi-Tartean","robots":{"index":"index","follow":"follow","max-snippet":"max-snippet:-1","max-image-preview":"max-image-preview:large","max-video-preview":"max-video-preview:-1"},"canonical":"https:\/\/bitartean.eus\/es\/dirulaguntzak\/","og_locale":"es_ES","og_type":"article","og_title":"Subvenciones - Bi-Tartean","og_url":"https:\/\/bitartean.eus\/es\/dirulaguntzak\/","og_site_name":"Bi-Tartean","article_modified_time":"2023-03-07T15:02:32+00:00","twitter_card":"summary_large_image","twitter_misc":{"Tiempo de lectura":"1 minuto"},"schema":{"@context":"https:\/\/schema.org","@graph":[{"@type":"Organization","@id":"https:\/\/bitartean.eus\/#organization","name":"Bi-Tartean","url":"https:\/\/bitartean.eus\/","sameAs":[],"logo":{"@type":"ImageObject","inLanguage":"es","@id":"https:\/\/bitartean.eus\/#\/schema\/logo\/image\/","url":"http:\/\/bienartean.eus\/wp-content\/uploads\/2020\/05\/logo_500.png","contentUrl":"http:\/\/bienartean.eus\/wp-content\/uploads\/2020\/05\/logo_500.png","width":831,"height":572,"caption":"Bi-Tartean"},"image":{"@id":"https:\/\/bitartean.eus\/#\/schema\/logo\/image\/"}},{"@type":"WebSite","@id":"https:\/\/bitartean.eus\/#website","url":"https:\/\/bitartean.eus\/","name":"Bi-Tartean","description":"Merkatari Elkartea","publisher":{"@id":"https:\/\/bitartean.eus\/#organization"},"potentialAction":[{"@type":"SearchAction","target":{"@type":"EntryPoint","urlTemplate":"https:\/\/bitartean.eus\/?s={search_term_string}"},"query-input":"required name=search_term_string"}],"inLanguage":"es"},{"@type":"WebPage","@id":"https:\/\/bitartean.eus\/es\/dirulaguntzak\/#webpage","url":"https:\/\/bitartean.eus\/es\/dirulaguntzak\/","name":"Subvenciones - Bi-Tartean","isPartOf":{"@id":"https:\/\/bitartean.eus\/#website"},"datePublished":"2021-09-07T14:58:02+00:00","dateModified":"2023-03-07T15:02:32+00:00","breadcrumb":{"@id":"https:\/\/bitartean.eus\/es\/dirulaguntzak\/#breadcrumb"},"inLanguage":"es","potentialAction":[{"@type":"ReadAction","target":["https:\/\/bitartean.eus\/es\/dirulaguntzak\/"]}]},{"@type":"BreadcrumbList","@id":"https:\/\/bitartean.eus\/es\/dirulaguntzak\/#breadcrumb","itemListElement":[{"@type":"ListItem","position":1,"name":"Home","item":"https:\/\/bitartean.eus\/es\/"},{"@type":"ListItem","position":2,"name":"Subvenciones"}]}]}},"_links":{"self":[{"href":"https:\/\/bitartean.eus\/es\/wp-json\/wp\/v2\/pages\/1853"}],"collection":[{"href":"https:\/\/bitartean.eus\/es\/wp-json\/wp\/v2\/pages"}],"about":[{"href":"https:\/\/bitartean.eus\/es\/wp-json\/wp\/v2\/types\/page"}],"author":[{"embeddable":true,"href":"https:\/\/bitartean.eus\/es\/wp-json\/wp\/v2\/users\/1"}],"replies":[{"embeddable":true,"href":"https:\/\/bitartean.eus\/es\/wp-json\/wp\/v2\/comments?post=1853"}],"version-history":[{"count":6,"href":"https:\/\/bitartean.eus\/es\/wp-json\/wp\/v2\/pages\/1853\/revisions"}],"predecessor-version":[{"id":4069,"href":"https:\/\/bitartean.eus\/es\/wp-json\/wp\/v2\/pages\/1853\/revisions\/4069"}],"wp:attachment":[{"href":"https:\/\/bitartean.eus\/es\/wp-json\/wp\/v2\/media?parent=1853"}],"curies":[{"name":"wp","href":"https:\/\/api.w.org\/{rel}","templated":true}]}}