{"id":4110,"date":"2023-03-07T16:48:21","date_gmt":"2023-03-07T15:48:21","guid":{"rendered":"http:\/\/bitartean.eus\/?page_id=4110"},"modified":"2023-03-07T16:48:26","modified_gmt":"2023-03-07T15:48:26","slug":"asociacion","status":"publish","type":"page","link":"https:\/\/bitartean.eus\/es\/asociacion\/","title":{"rendered":"Asociaci\u00f3n"},"content":{"rendered":"\n  <div class=\"banner has-hover\" id=\"banner-2000540312\">\n          <div class=\"banner-inner fill\">\n        <div class=\"banner-bg fill\" >\n            <div class=\"bg fill bg-fill \"><\/div>\n                        <div class=\"overlay\"><\/div>            \n\t<div class=\"is-border\"\n\t\tstyle=\"border-color:rgb(6, 42, 82);border-width:0px 0px 9px 0px;\">\n\t<\/div>\n                    <\/div>\n        <div class=\"banner-layers container\">\n            <div class=\"fill banner-link\"><\/div>            \n   <div id=\"text-box-1775745559\" class=\"text-box banner-layer text-box-circle x50 md-x5 lg-x5 y50 md-y50 lg-y50 res-text\">\n       <div class=\"hover-bounce\">              <div data-animate=\"bounceInRight\">           <div class=\"text box-shadow-2 box-shadow-2-hover dark\">\n              \n              <div class=\"text-inner text-center\">\n                  \n<h1 class=\"uppercase\">ASOciacio<br \/>nismo<\/h1>\n              <\/div>\n           <\/div>\n       <\/div>              <\/div>       \n<style scope=\"scope\">\n\n#text-box-1775745559 .text {\n  background-color: rgba(6, 42, 82, 0.83);\n  font-size: 65%;\n  transform: rotate(3deg);\n}\n#text-box-1775745559 .text-inner {\n  padding: 30px 30px 30px 30px;\n}\n#text-box-1775745559 {\n  width: 60%;\n}\n\n\n@media (min-width:550px) {\n\n  #text-box-1775745559 {\n    width: 40%;\n  }\n  #text-box-1775745559 .text {\n    font-size: 100%;\n  }\n\n}\n<\/style>\n    <\/div>\n \n        <\/div>\n      <\/div>\n\n            \n<style scope=\"scope\">\n\n#banner-2000540312 {\n  padding-top: 77%;\n}\n#banner-2000540312 .bg.bg-loaded {\n  background-image: url(https:\/\/bitartean.eus\/wp-content\/uploads\/2023\/03\/pexels-fauxels-3184431-scaled.jpg);\n}\n#banner-2000540312 .overlay {\n  background-color: rgba(0, 0, 0, 0.2);\n}\n#banner-2000540312 .bg {\n  background-position: 60% 35%;\n}\n\n\n@media (min-width:550px) {\n\n  #banner-2000540312 {\n    padding-top: 67%;\n  }\n\n}\n\n\n@media (min-width:850px) {\n\n  #banner-2000540312 {\n    padding-top: 38%;\n  }\n\n}\n<\/style>\n  <\/div>\n\n\n<div class=\"row align-middle align-center\"  id=\"row-1962061647\">\n\n\t<div class=\"col small-12 large-12\"  >\n\t\t<div class=\"col-inner\" style=\"margin:51px 0px 64px 0px;\" >\n\t\t\t\n\t\t\t\n<p><strong>Qu\u00e9 ventajas tiene integrarse en la asociaci\u00f3n?<\/strong><\/p>\n<p>\u00a0<\/p>\n<p><strong>Ventajas econ\u00f3micas<\/strong><\/p>\n<p>Realizaci\u00f3n de cursos de formaci\u00f3n (actualizaci\u00f3n y\/o mejora de los conocimientos); firma de convenios con entidades financieras; participaci\u00f3n en proyectos que beneficien a los socios; firma de alianzas con otras empresas (obtenci\u00f3n de condiciones econ\u00f3micas m\u00e1s ventajosas).<\/p>\n<p>\u00a0<\/p>\n<p><strong>Ventajas humanas<\/strong><\/p>\n<p>Evitar situaciones de soledad o aislamiento; compartir problemas y experiencias; aprender de los errores de otros; establecimiento de contactos con otros asociados (posibles socios en proyectos de cooperaci\u00f3n empresarial).<\/p>\n<p>\u00a0<\/p>\n<p><strong>Ventajas comerciales<\/strong><\/p>\n<p>Emprendimiento de acciones conjuntas; contacto con posibles clientes y proveedores.<\/p>\n<p>Contacto con la realidad empresarial: asesoramiento general; b\u00fasqueda de informaci\u00f3n sobre ayudas y financiaci\u00f3n; gu\u00eda de proyectos; an\u00e1lisis del sector: amenazas y oportunidades. Sin olvidar logros tan significativos como los obtenidos en las negociaciones de los convenios laborales, de los que se beneficia todo el sector y no solo aquellos que soportan las cuotas asociativas y realizan el trabajo altruista<\/p>\n\t\t<\/div>\n\t<\/div>\n\n\t\n\n<style scope=\"scope\">\n\n#row-1962061647 > .col > .col-inner {\n  padding: 0px 0px 0px 0px;\n}\n<\/style>\n<\/div>\n","protected":false},"excerpt":{"rendered":"","protected":false},"author":1,"featured_media":0,"parent":0,"menu_order":0,"comment_status":"closed","ping_status":"closed","template":"page-blank.php","meta":[],"yoast_head":"<!-- This site is optimized with the Yoast SEO plugin v18.7 - https:\/\/yoast.com\/wordpress\/plugins\/seo\/ -->\n<title>Asociaci\u00f3n - Bi-Tartean<\/title>\n<meta name=\"robots\" content=\"index, follow, max-snippet:-1, max-image-preview:large, max-video-preview:-1\" \/>\n<link rel=\"canonical\" href=\"https:\/\/bitartean.eus\/es\/asociacion\/\" \/>\n<meta property=\"og:locale\" content=\"es_ES\" \/>\n<meta property=\"og:type\" content=\"article\" \/>\n<meta property=\"og:title\" content=\"Asociaci\u00f3n - Bi-Tartean\" \/>\n<meta property=\"og:url\" content=\"https:\/\/bitartean.eus\/es\/asociacion\/\" \/>\n<meta property=\"og:site_name\" content=\"Bi-Tartean\" \/>\n<meta property=\"article:modified_time\" content=\"2023-03-07T15:48:26+00:00\" \/>\n<meta name=\"twitter:card\" content=\"summary_large_image\" \/>\n<meta name=\"twitter:label1\" content=\"Tiempo de lectura\" \/>\n\t<meta name=\"twitter:data1\" content=\"1 minuto\" \/>\n<script type=\"application\/ld+json\" class=\"yoast-schema-graph\">{\"@context\":\"https:\/\/schema.org\",\"@graph\":[{\"@type\":\"Organization\",\"@id\":\"https:\/\/bitartean.eus\/#organization\",\"name\":\"Bi-Tartean\",\"url\":\"https:\/\/bitartean.eus\/\",\"sameAs\":[],\"logo\":{\"@type\":\"ImageObject\",\"inLanguage\":\"es\",\"@id\":\"https:\/\/bitartean.eus\/#\/schema\/logo\/image\/\",\"url\":\"http:\/\/bienartean.eus\/wp-content\/uploads\/2020\/05\/logo_500.png\",\"contentUrl\":\"http:\/\/bienartean.eus\/wp-content\/uploads\/2020\/05\/logo_500.png\",\"width\":831,\"height\":572,\"caption\":\"Bi-Tartean\"},\"image\":{\"@id\":\"https:\/\/bitartean.eus\/#\/schema\/logo\/image\/\"}},{\"@type\":\"WebSite\",\"@id\":\"https:\/\/bitartean.eus\/#website\",\"url\":\"https:\/\/bitartean.eus\/\",\"name\":\"Bi-Tartean\",\"description\":\"Merkatari Elkartea\",\"publisher\":{\"@id\":\"https:\/\/bitartean.eus\/#organization\"},\"potentialAction\":[{\"@type\":\"SearchAction\",\"target\":{\"@type\":\"EntryPoint\",\"urlTemplate\":\"https:\/\/bitartean.eus\/?s={search_term_string}\"},\"query-input\":\"required name=search_term_string\"}],\"inLanguage\":\"es\"},{\"@type\":\"WebPage\",\"@id\":\"https:\/\/bitartean.eus\/es\/asociacion\/#webpage\",\"url\":\"https:\/\/bitartean.eus\/es\/asociacion\/\",\"name\":\"Asociaci\u00f3n - Bi-Tartean\",\"isPartOf\":{\"@id\":\"https:\/\/bitartean.eus\/#website\"},\"datePublished\":\"2023-03-07T15:48:21+00:00\",\"dateModified\":\"2023-03-07T15:48:26+00:00\",\"breadcrumb\":{\"@id\":\"https:\/\/bitartean.eus\/es\/asociacion\/#breadcrumb\"},\"inLanguage\":\"es\",\"potentialAction\":[{\"@type\":\"ReadAction\",\"target\":[\"https:\/\/bitartean.eus\/es\/asociacion\/\"]}]},{\"@type\":\"BreadcrumbList\",\"@id\":\"https:\/\/bitartean.eus\/es\/asociacion\/#breadcrumb\",\"itemListElement\":[{\"@type\":\"ListItem\",\"position\":1,\"name\":\"Home\",\"item\":\"https:\/\/bitartean.eus\/es\/\"},{\"@type\":\"ListItem\",\"position\":2,\"name\":\"Asociaci\u00f3n\"}]}]}<\/script>\n<!-- \/ Yoast SEO plugin. -->","yoast_head_json":{"title":"Asociaci\u00f3n - Bi-Tartean","robots":{"index":"index","follow":"follow","max-snippet":"max-snippet:-1","max-image-preview":"max-image-preview:large","max-video-preview":"max-video-preview:-1"},"canonical":"https:\/\/bitartean.eus\/es\/asociacion\/","og_locale":"es_ES","og_type":"article","og_title":"Asociaci\u00f3n - Bi-Tartean","og_url":"https:\/\/bitartean.eus\/es\/asociacion\/","og_site_name":"Bi-Tartean","article_modified_time":"2023-03-07T15:48:26+00:00","twitter_card":"summary_large_image","twitter_misc":{"Tiempo de lectura":"1 minuto"},"schema":{"@context":"https:\/\/schema.org","@graph":[{"@type":"Organization","@id":"https:\/\/bitartean.eus\/#organization","name":"Bi-Tartean","url":"https:\/\/bitartean.eus\/","sameAs":[],"logo":{"@type":"ImageObject","inLanguage":"es","@id":"https:\/\/bitartean.eus\/#\/schema\/logo\/image\/","url":"http:\/\/bienartean.eus\/wp-content\/uploads\/2020\/05\/logo_500.png","contentUrl":"http:\/\/bienartean.eus\/wp-content\/uploads\/2020\/05\/logo_500.png","width":831,"height":572,"caption":"Bi-Tartean"},"image":{"@id":"https:\/\/bitartean.eus\/#\/schema\/logo\/image\/"}},{"@type":"WebSite","@id":"https:\/\/bitartean.eus\/#website","url":"https:\/\/bitartean.eus\/","name":"Bi-Tartean","description":"Merkatari Elkartea","publisher":{"@id":"https:\/\/bitartean.eus\/#organization"},"potentialAction":[{"@type":"SearchAction","target":{"@type":"EntryPoint","urlTemplate":"https:\/\/bitartean.eus\/?s={search_term_string}"},"query-input":"required name=search_term_string"}],"inLanguage":"es"},{"@type":"WebPage","@id":"https:\/\/bitartean.eus\/es\/asociacion\/#webpage","url":"https:\/\/bitartean.eus\/es\/asociacion\/","name":"Asociaci\u00f3n - Bi-Tartean","isPartOf":{"@id":"https:\/\/bitartean.eus\/#website"},"datePublished":"2023-03-07T15:48:21+00:00","dateModified":"2023-03-07T15:48:26+00:00","breadcrumb":{"@id":"https:\/\/bitartean.eus\/es\/asociacion\/#breadcrumb"},"inLanguage":"es","potentialAction":[{"@type":"ReadAction","target":["https:\/\/bitartean.eus\/es\/asociacion\/"]}]},{"@type":"BreadcrumbList","@id":"https:\/\/bitartean.eus\/es\/asociacion\/#breadcrumb","itemListElement":[{"@type":"ListItem","position":1,"name":"Home","item":"https:\/\/bitartean.eus\/es\/"},{"@type":"ListItem","position":2,"name":"Asociaci\u00f3n"}]}]}},"_links":{"self":[{"href":"https:\/\/bitartean.eus\/es\/wp-json\/wp\/v2\/pages\/4110"}],"collection":[{"href":"https:\/\/bitartean.eus\/es\/wp-json\/wp\/v2\/pages"}],"about":[{"href":"https:\/\/bitartean.eus\/es\/wp-json\/wp\/v2\/types\/page"}],"author":[{"embeddable":true,"href":"https:\/\/bitartean.eus\/es\/wp-json\/wp\/v2\/users\/1"}],"replies":[{"embeddable":true,"href":"https:\/\/bitartean.eus\/es\/wp-json\/wp\/v2\/comments?post=4110"}],"version-history":[{"count":2,"href":"https:\/\/bitartean.eus\/es\/wp-json\/wp\/v2\/pages\/4110\/revisions"}],"predecessor-version":[{"id":4112,"href":"https:\/\/bitartean.eus\/es\/wp-json\/wp\/v2\/pages\/4110\/revisions\/4112"}],"wp:attachment":[{"href":"https:\/\/bitartean.eus\/es\/wp-json\/wp\/v2\/media?parent=4110"}],"curies":[{"name":"wp","href":"https:\/\/api.w.org\/{rel}","templated":true}]}}